{"id":10,"date":"2025-10-23T19:07:19","date_gmt":"2025-10-23T17:07:19","guid":{"rendered":"https:\/\/sports-nerd.com\/fr\/?page_id=10"},"modified":"2025-12-11T13:19:36","modified_gmt":"2025-12-11T12:19:36","slug":"contact","status":"publish","type":"page","link":"https:\/\/sports-nerd.com\/fr\/contact\/","title":{"rendered":"Contact"},"content":{"rendered":"\n<h2 class=\"wp-block-heading\"><strong>Particulier et visiteurs du site<\/strong><\/h2>\n\n\n\n<p>Sugg\u00e9rez-nous des marques \u00e0 analyser, questionnez-nous sur les codes de r\u00e9duction ou de parrainage, demandez-nous ce que vous voulez via l&rsquo;adresse email [<strong>contact@sports-nerd.com<\/strong>] et nous vous r\u00e9pondrons dans les meilleures d\u00e9lais. Merci de veiller \u00e0 \u00eatre courtois et clair dans vos messages.<\/p>\n\n\n\n<h2 class=\"wp-block-heading\"><strong>Entreprises et partenaires<\/strong><\/h2>\n\n\n\n<p>Nous sommes ouverts \u00e0 toutes les demandes de collaboration en lien avec la th\u00e9matique de notre site web. Merci de mentionner votre entreprise, les informations pour vous contacter, ainsi que la raison de votre message \u00e0 [<strong>contact@sports-nerd.com<\/strong>].<\/p>\n","protected":false},"excerpt":{"rendered":"<p>Particulier et visiteurs du site Sugg\u00e9rez-nous des marques \u00e0 analyser, questionnez-nous sur les codes de r\u00e9duction ou de parrainage, demandez-nous ce que vous voulez via l&rsquo;adresse email [contact@sports-nerd.com] et nous vous r\u00e9pondrons dans les meilleures d\u00e9lais. Merci de veiller \u00e0 \u00eatre courtois et clair dans vos messages. Entreprises et partenaires Nous sommes ouverts \u00e0 toutes [&hellip;]<\/p>\n","protected":false},"author":1,"featured_media":0,"parent":0,"menu_order":0,"comment_status":"closed","ping_status":"closed","template":"","meta":{"_acf_changed":false,"footnotes":""},"class_list":["post-10","page","type-page","status-publish","hentry"],"blocksy_meta":[],"acf":[],"_links":{"self":[{"href":"https:\/\/sports-nerd.com\/fr\/wp-json\/wp\/v2\/pages\/10","targetHints":{"allow":["GET"]}}],"collection":[{"href":"https:\/\/sports-nerd.com\/fr\/wp-json\/wp\/v2\/pages"}],"about":[{"href":"https:\/\/sports-nerd.com\/fr\/wp-json\/wp\/v2\/types\/page"}],"author":[{"embeddable":true,"href":"https:\/\/sports-nerd.com\/fr\/wp-json\/wp\/v2\/users\/1"}],"replies":[{"embeddable":true,"href":"https:\/\/sports-nerd.com\/fr\/wp-json\/wp\/v2\/comments?post=10"}],"version-history":[{"count":4,"href":"https:\/\/sports-nerd.com\/fr\/wp-json\/wp\/v2\/pages\/10\/revisions"}],"predecessor-version":[{"id":901,"href":"https:\/\/sports-nerd.com\/fr\/wp-json\/wp\/v2\/pages\/10\/revisions\/901"}],"wp:attachment":[{"href":"https:\/\/sports-nerd.com\/fr\/wp-json\/wp\/v2\/media?parent=10"}],"curies":[{"name":"wp","href":"https:\/\/api.w.org\/{rel}","templated":true}]}}